{"id":95,"date":"2023-12-01T11:59:08","date_gmt":"2023-12-01T11:59:08","guid":{"rendered":"https:\/\/bizbergthemes.com\/construction-solutions\/?page_id=95"},"modified":"2024-02-04T19:46:03","modified_gmt":"2024-02-04T18:46:03","slug":"our-services","status":"publish","type":"page","link":"https:\/\/hydro-mont.eu\/index.php\/our-services\/","title":{"rendered":"Nasze produkty i us\u0142ugi"},"content":{"rendered":"\n<p>Nasza firma wykonuje nast\u0119puj\u0105ce prace:<\/p>\n\n\n\n<p>&#8211; roboty in\u017cynieryjne<\/p>\n\n\n\n<p>&#8211; budowa sieci wodoci\u0105gowych oraz kanalizacyjnych,<\/p>\n\n\n\n<p>&#8211; budowanie, wyposa\u017canie oraz bie\u017c\u0105ce utrzymanie przepompowni i t\u0142oczni \u015bciek\u00f3w,<\/p>\n\n\n\n<p>&#8211; przewierty sterowane, przeciski w rurach stalowych,<\/p>\n\n\n\n<p>&#8211; roboty ziemne typu: odhumusowywanie, wykonywanie dr\u00f3g gruntowych, odtwarzanie row\u00f3w,<\/p>\n\n\n\n<p>&#8211; roboty rozbi\u00f3rkowe,<\/p>\n\n\n\n<p>&#8211; modernizacja i konserwacja istniej\u0105cych sieci wod-kan.<\/p>\n","protected":false},"excerpt":{"rendered":"<p>Nasza firma wykonuje nast\u0119puj\u0105ce prace: &#8211; roboty in\u017cynieryjne &#8211; budowa sieci wodoci\u0105gowych oraz kanalizacyjnych, &#8211; budowanie, wyposa\u017canie oraz bie\u017c\u0105ce utrzymanie przepompowni i t\u0142oczni \u015bciek\u00f3w, &#8211; przewierty sterowane, przeciski w rurach&#8230;<\/p>\n","protected":false},"author":1,"featured_media":555,"parent":0,"menu_order":0,"comment_status":"closed","ping_status":"closed","template":"","meta":{"footnotes":""},"class_list":["post-95","page","type-page","status-publish","has-post-thumbnail","hentry"],"_links":{"self":[{"href":"https:\/\/hydro-mont.eu\/index.php\/wp-json\/wp\/v2\/pages\/95","targetHints":{"allow":["GET"]}}],"collection":[{"href":"https:\/\/hydro-mont.eu\/index.php\/wp-json\/wp\/v2\/pages"}],"about":[{"href":"https:\/\/hydro-mont.eu\/index.php\/wp-json\/wp\/v2\/types\/page"}],"author":[{"embeddable":true,"href":"https:\/\/hydro-mont.eu\/index.php\/wp-json\/wp\/v2\/users\/1"}],"replies":[{"embeddable":true,"href":"https:\/\/hydro-mont.eu\/index.php\/wp-json\/wp\/v2\/comments?post=95"}],"version-history":[{"count":1,"href":"https:\/\/hydro-mont.eu\/index.php\/wp-json\/wp\/v2\/pages\/95\/revisions"}],"predecessor-version":[{"id":557,"href":"https:\/\/hydro-mont.eu\/index.php\/wp-json\/wp\/v2\/pages\/95\/revisions\/557"}],"wp:featuredmedia":[{"embeddable":true,"href":"https:\/\/hydro-mont.eu\/index.php\/wp-json\/wp\/v2\/media\/555"}],"wp:attachment":[{"href":"https:\/\/hydro-mont.eu\/index.php\/wp-json\/wp\/v2\/media?parent=95"}],"curies":[{"name":"wp","href":"https:\/\/api.w.org\/{rel}","templated":true}]}}