{"id":93,"date":"2023-12-01T11:58:02","date_gmt":"2023-12-01T11:58:02","guid":{"rendered":"https:\/\/bizbergthemes.com\/construction-solutions\/?page_id=93"},"modified":"2024-03-15T16:52:56","modified_gmt":"2024-03-15T15:52:56","slug":"about-us","status":"publish","type":"page","link":"https:\/\/hydro-mont.eu\/index.php\/about-us\/","title":{"rendered":"O nas"},"content":{"rendered":"\t\t<div data-elementor-type=\"wp-page\" data-elementor-id=\"93\" class=\"elementor elementor-93\">\n\t\t\t\t\t\t\t<div class=\"elementor-element elementor-element-6a0649e6 e-flex e-con-boxed e-con e-parent\" data-id=\"6a0649e6\" data-element_type=\"container\" data-settings=\"{&quot;content_width&quot;:&quot;boxed&quot;}\" data-core-v316-plus=\"true\">\n\t\t\t\t\t<div class=\"e-con-inner\">\n\t\t\t\t<div class=\"elementor-element elementor-element-5cd268c5 elementor-widget elementor-widget-text-editor\" data-id=\"5cd268c5\" data-element_type=\"widget\" data-widget_type=\"text-editor.default\">\n\t\t\t\t<div class=\"elementor-widget-container\">\n\t\t\t<style>\/*! elementor - v3.18.0 - 20-12-2023 *\/\n.elementor-widget-text-editor.elementor-drop-cap-view-stacked .elementor-drop-cap{background-color:#69727d;color:#fff}.elementor-widget-text-editor.elementor-drop-cap-view-framed .elementor-drop-cap{color:#69727d;border:3px solid;background-color:transparent}.elementor-widget-text-editor:not(.elementor-drop-cap-view-default) .elementor-drop-cap{margin-top:8px}.elementor-widget-text-editor:not(.elementor-drop-cap-view-default) .elementor-drop-cap-letter{width:1em;height:1em}.elementor-widget-text-editor .elementor-drop-cap{float:left;text-align:center;line-height:1;font-size:50px}.elementor-widget-text-editor .elementor-drop-cap-letter{display:inline-block}<\/style>\t\t\t\t<p>Nasza firma specjalizuje si\u0119 w wykonawstwie budowlanym. Od 10 lat z powodzeniem, dzia\u0142amy w sektorze rob\u00f3t sanitarnych zewn\u0119trznych oraz w og\u00f3lnorozumianych robotach ziemnych. Przez kilka ostatnich lat zebrali\u015bmy r\u00f3wnie\u017c spore do\u015bwiadczenie w technologiach bezwykopowych.<\/p>\n<p>Dzia\u0142amy na terenie wojew\u00f3dztwa wielkopolskiego, opolskiego, dolno\u015bl\u0105skiego oraz \u0142\u00f3dzkiego. Podejmujemy r\u00f3wnie\u017c wsp\u00f3\u0142prac\u0119 z generalnymi wykonawcami jak i r\u00f3wnie\u017c z inwestorami zast\u0119pczymi.<\/p>\n<p>Od kilki lat jeste\u015bmy eksploatatorem sieci wodoci\u0105gowo \u2013 kanalizacyjnej w gminach Rychtal oraz Trzcinica. Do naszych zada\u0144 nale\u017cy bie\u017c\u0105ca konserwacja i modernizacja sieci wod-kan oraz szybka i sprawna reakcja podczas awarii.<\/p>\n<p>To co nas wyr\u00f3\u017cnia to:<\/p>\n<ol>\n<li>Do\u015bwiadczenie \u2013 nasza kadra to wysoko wykwalifikowany personel z wieloletnim do\u015bwiadczeniem w prowadzeniu inwestycji.<\/li>\n<li>Wysoka jako\u015b\u0107 \u2013 nasze us\u0142ugi s\u0105 wykonywane przy u\u017cyciu najwy\u017cszej jako\u015bci materia\u0142u oraz sprz\u0119tu, wsp\u00f3\u0142pracujemy z takimi producentami jak FUNKE, Pipelife, Hawle, KSB, Rembet, ZPB Kaczmarek, Ecol-Unicon, czy Hydropol.<\/li>\n<li>Terminowo\u015b\u0107 \u2013 cechuje nas punktualno\u015b\u0107 oraz sprawne prowadzenie rob\u00f3t ziemnych i monta\u017cowych.<\/li>\n<li>Elastyczno\u015b\u0107 \u2013 potrafimy zarz\u0105dza\u0107 czasem, nag\u0142e zmiany w harmonogramie prac zostaj\u0105 szybko zaktualizowane i nie maj\u0105 wp\u0142ywu na \u015bcie\u017ck\u0119 krytyczn\u0105 prowadzonych inwestycji.<\/li>\n<li>Uczciwo\u015b\u0107 i bezpiecze\u0144stwo \u2013 nasi pracownicy to osoby godne zaufania, potrafi\u0105ce zoptymalizowa\u0107 proces budowy oraz zaproponowa\u0107 innowacyjne rozwi\u0105zania, kt\u00f3re pozytywnie wp\u0142ywaj\u0105 na jej koszty.<\/li>\n<li>Indywidualne podej\u015bcie \u2013 ka\u017cdy Inwestor jest przez nas traktowany indywidualnie. Dostosowujemy si\u0119 do jego wymaga\u0144 terminowych oraz finansowych. Pomagamy w zakresie przygotowywania oraz kompletowania dokumentacji projektowej jak i&nbsp;dokumentacji odbiorowej.<\/li>\n<li>Wiedza \u2013 kierownicy, pracownicy budowlani oraz operatorzy to osoby, kt\u00f3re maj\u0105 d\u0142ugoletnie do\u015bwiadczenie w robotach budowlanych z zakresu instalacji sanitarnych oraz rob\u00f3t ziemnych. W zawodzie pracuj\u0105 co najmniej od 10 lat. Ca\u0142y czas inwestuj\u0105 w swoj\u0105 wiedz\u0119 zdobywaj\u0105c coraz to nowsze uprawnienia. Cechuj\u0105 si\u0119 r\u00f3wnie\u017c wysok\u0105 kultur\u0105 osobist\u0105 oraz zawodow\u0105.<\/li>\n<\/ol>\t\t\t\t\t\t<\/div>\n\t\t\t\t<\/div>\n\t\t\t\t\t<\/div>\n\t\t\t\t<\/div>\n\t\t<div class=\"elementor-element elementor-element-24420d2 e-flex e-con-boxed e-con e-parent\" data-id=\"24420d2\" data-element_type=\"container\" data-settings=\"{&quot;content_width&quot;:&quot;boxed&quot;}\" data-core-v316-plus=\"true\">\n\t\t\t\t\t<div class=\"e-con-inner\">\n\t\t\t\t<div class=\"elementor-element elementor-element-2b47306 elementor-widget elementor-widget-heading\" data-id=\"2b47306\" data-element_type=\"widget\" data-widget_type=\"heading.default\">\n\t\t\t\t<div class=\"elementor-widget-container\">\n\t\t\t<style>\/*! elementor - v3.18.0 - 20-12-2023 *\/\n.elementor-heading-title{padding:0;margin:0;line-height:1}.elementor-widget-heading .elementor-heading-title[class*=elementor-size-]>a{color:inherit;font-size:inherit;line-height:inherit}.elementor-widget-heading .elementor-heading-title.elementor-size-small{font-size:15px}.elementor-widget-heading .elementor-heading-title.elementor-size-medium{font-size:19px}.elementor-widget-heading .elementor-heading-title.elementor-size-large{font-size:29px}.elementor-widget-heading .elementor-heading-title.elementor-size-xl{font-size:39px}.elementor-widget-heading .elementor-heading-title.elementor-size-xxl{font-size:59px}<\/style><h3 class=\"elementor-heading-title elementor-size-default\">Media o nas:<\/h3>\t\t<\/div>\n\t\t\t\t<\/div>\n\t\t\t\t<div class=\"elementor-element elementor-element-62505f4 elementor-widget elementor-widget-heading\" data-id=\"62505f4\" data-element_type=\"widget\" data-widget_type=\"heading.default\">\n\t\t\t\t<div class=\"elementor-widget-container\">\n\t\t\t<h4 class=\"elementor-heading-title elementor-size-default\"><a href=\"https:\/\/www.radiosud.pl\/fakty\/modernizacja-oczyszczalni-zakonczona-26839\">www.radiosud.pl<\/a><\/h4>\t\t<\/div>\n\t\t\t\t<\/div>\n\t\t\t\t\t<\/div>\n\t\t\t\t<\/div>\n\t\t\t\t\t\t\t<\/div>\n\t\t","protected":false},"excerpt":{"rendered":"<p>Nasza firma specjalizuje si\u0119 w wykonawstwie budowlanym. Od 10 lat z powodzeniem, dzia\u0142amy w sektorze rob\u00f3t sanitarnych zewn\u0119trznych oraz w og\u00f3lnorozumianych robotach ziemnych. Przez kilka ostatnich lat zebrali\u015bmy r\u00f3wnie\u017c spore&#8230;<\/p>\n","protected":false},"author":1,"featured_media":774,"parent":0,"menu_order":0,"comment_status":"closed","ping_status":"closed","template":"","meta":{"footnotes":""},"class_list":["post-93","page","type-page","status-publish","has-post-thumbnail","hentry"],"_links":{"self":[{"href":"https:\/\/hydro-mont.eu\/index.php\/wp-json\/wp\/v2\/pages\/93","targetHints":{"allow":["GET"]}}],"collection":[{"href":"https:\/\/hydro-mont.eu\/index.php\/wp-json\/wp\/v2\/pages"}],"about":[{"href":"https:\/\/hydro-mont.eu\/index.php\/wp-json\/wp\/v2\/types\/page"}],"author":[{"embeddable":true,"href":"https:\/\/hydro-mont.eu\/index.php\/wp-json\/wp\/v2\/users\/1"}],"replies":[{"embeddable":true,"href":"https:\/\/hydro-mont.eu\/index.php\/wp-json\/wp\/v2\/comments?post=93"}],"version-history":[{"count":17,"href":"https:\/\/hydro-mont.eu\/index.php\/wp-json\/wp\/v2\/pages\/93\/revisions"}],"predecessor-version":[{"id":564,"href":"https:\/\/hydro-mont.eu\/index.php\/wp-json\/wp\/v2\/pages\/93\/revisions\/564"}],"wp:featuredmedia":[{"embeddable":true,"href":"https:\/\/hydro-mont.eu\/index.php\/wp-json\/wp\/v2\/media\/774"}],"wp:attachment":[{"href":"https:\/\/hydro-mont.eu\/index.php\/wp-json\/wp\/v2\/media?parent=93"}],"curies":[{"name":"wp","href":"https:\/\/api.w.org\/{rel}","templated":true}]}}