{"id":784,"date":"2024-03-16T21:37:19","date_gmt":"2024-03-16T20:37:19","guid":{"rendered":"https:\/\/hydro-mont.eu\/?page_id=784"},"modified":"2024-03-16T21:41:32","modified_gmt":"2024-03-16T20:41:32","slug":"budowa-i-remonty-przepompowni-sciekow","status":"publish","type":"page","link":"https:\/\/hydro-mont.eu\/index.php\/budowa-i-remonty-przepompowni-sciekow\/","title":{"rendered":"BUDOWA I REMONTY PRZEPOMPOWNI \u015aCIEK\u00d3W"},"content":{"rendered":"\t\t<div data-elementor-type=\"wp-page\" data-elementor-id=\"784\" class=\"elementor elementor-784\">\n\t\t\t\t\t\t\t<div class=\"elementor-element elementor-element-61cd3c8 e-flex e-con-boxed e-con e-parent\" data-id=\"61cd3c8\" data-element_type=\"container\" data-settings=\"{&quot;content_width&quot;:&quot;boxed&quot;}\" data-core-v316-plus=\"true\">\n\t\t\t\t\t<div class=\"e-con-inner\">\n\t\t\t\t<div class=\"elementor-element elementor-element-4a00f7f elementor-widget elementor-widget-text-editor\" data-id=\"4a00f7f\" data-element_type=\"widget\" data-widget_type=\"text-editor.default\">\n\t\t\t\t<div class=\"elementor-widget-container\">\n\t\t\t<style>\/*! elementor - v3.18.0 - 20-12-2023 *\/\n.elementor-widget-text-editor.elementor-drop-cap-view-stacked .elementor-drop-cap{background-color:#69727d;color:#fff}.elementor-widget-text-editor.elementor-drop-cap-view-framed .elementor-drop-cap{color:#69727d;border:3px solid;background-color:transparent}.elementor-widget-text-editor:not(.elementor-drop-cap-view-default) .elementor-drop-cap{margin-top:8px}.elementor-widget-text-editor:not(.elementor-drop-cap-view-default) .elementor-drop-cap-letter{width:1em;height:1em}.elementor-widget-text-editor .elementor-drop-cap{float:left;text-align:center;line-height:1;font-size:50px}.elementor-widget-text-editor .elementor-drop-cap-letter{display:inline-block}<\/style>\t\t\t\t<p>Jedn\u0105 z naszych g\u0142\u00f3wnych specjalno\u015bci s\u0105 przepompownie \u015bciek\u00f3w.<\/p><p>Mamy do\u015bwiadczenie i realizujemy mi\u0119dzy innymi:<\/p><ul><li>dostawa i budowa nowych przepompowni \u015bciek\u00f3w<\/li><li>remonty istniej\u0105cych przepompowni, r\u00f3wnie\u017c w zakresie automatyki i monitoringu<\/li><li>serwis i bie\u017c\u0105ce utrzymanie przepompowni \u015bciek\u00f3w na naszym terenie<\/li><\/ul>\t\t\t\t\t\t<\/div>\n\t\t\t\t<\/div>\n\t\t\t\t\t<\/div>\n\t\t\t\t<\/div>\n\t\t\t\t\t\t\t<\/div>\n\t\t","protected":false},"excerpt":{"rendered":"<p>Jedn\u0105 z naszych g\u0142\u00f3wnych specjalno\u015bci s\u0105 przepompownie \u015bciek\u00f3w. Mamy do\u015bwiadczenie i realizujemy mi\u0119dzy innymi: dostawa i budowa nowych przepompowni \u015bciek\u00f3w remonty istniej\u0105cych przepompowni, r\u00f3wnie\u017c w zakresie automatyki i monitoringu serwis&#8230;<\/p>\n","protected":false},"author":1,"featured_media":785,"parent":0,"menu_order":0,"comment_status":"closed","ping_status":"closed","template":"","meta":{"footnotes":""},"class_list":["post-784","page","type-page","status-publish","has-post-thumbnail","hentry"],"_links":{"self":[{"href":"https:\/\/hydro-mont.eu\/index.php\/wp-json\/wp\/v2\/pages\/784","targetHints":{"allow":["GET"]}}],"collection":[{"href":"https:\/\/hydro-mont.eu\/index.php\/wp-json\/wp\/v2\/pages"}],"about":[{"href":"https:\/\/hydro-mont.eu\/index.php\/wp-json\/wp\/v2\/types\/page"}],"author":[{"embeddable":true,"href":"https:\/\/hydro-mont.eu\/index.php\/wp-json\/wp\/v2\/users\/1"}],"replies":[{"embeddable":true,"href":"https:\/\/hydro-mont.eu\/index.php\/wp-json\/wp\/v2\/comments?post=784"}],"version-history":[{"count":4,"href":"https:\/\/hydro-mont.eu\/index.php\/wp-json\/wp\/v2\/pages\/784\/revisions"}],"predecessor-version":[{"id":790,"href":"https:\/\/hydro-mont.eu\/index.php\/wp-json\/wp\/v2\/pages\/784\/revisions\/790"}],"wp:featuredmedia":[{"embeddable":true,"href":"https:\/\/hydro-mont.eu\/index.php\/wp-json\/wp\/v2\/media\/785"}],"wp:attachment":[{"href":"https:\/\/hydro-mont.eu\/index.php\/wp-json\/wp\/v2\/media?parent=784"}],"curies":[{"name":"wp","href":"https:\/\/api.w.org\/{rel}","templated":true}]}}