{"id":441,"date":"2024-01-28T21:36:46","date_gmt":"2024-01-28T20:36:46","guid":{"rendered":"https:\/\/stacjehydro.pl\/?page_id=441"},"modified":"2024-01-28T21:38:50","modified_gmt":"2024-01-28T20:38:50","slug":"przewierty-sterowane","status":"publish","type":"page","link":"https:\/\/hydro-mont.eu\/index.php\/przewierty-sterowane\/","title":{"rendered":"PRZEWIERTY STEROWANE"},"content":{"rendered":"\t\t<div data-elementor-type=\"wp-page\" data-elementor-id=\"441\" class=\"elementor elementor-441\">\n\t\t\t\t\t\t\t<div class=\"elementor-element elementor-element-61cd3c8 e-flex e-con-boxed e-con e-parent\" data-id=\"61cd3c8\" data-element_type=\"container\" data-settings=\"{&quot;content_width&quot;:&quot;boxed&quot;}\" data-core-v316-plus=\"true\">\n\t\t\t\t\t<div class=\"e-con-inner\">\n\t\t\t\t<div class=\"elementor-element elementor-element-4a00f7f elementor-widget elementor-widget-text-editor\" data-id=\"4a00f7f\" data-element_type=\"widget\" data-widget_type=\"text-editor.default\">\n\t\t\t\t<div class=\"elementor-widget-container\">\n\t\t\t<style>\/*! elementor - v3.18.0 - 20-12-2023 *\/\n.elementor-widget-text-editor.elementor-drop-cap-view-stacked .elementor-drop-cap{background-color:#69727d;color:#fff}.elementor-widget-text-editor.elementor-drop-cap-view-framed .elementor-drop-cap{color:#69727d;border:3px solid;background-color:transparent}.elementor-widget-text-editor:not(.elementor-drop-cap-view-default) .elementor-drop-cap{margin-top:8px}.elementor-widget-text-editor:not(.elementor-drop-cap-view-default) .elementor-drop-cap-letter{width:1em;height:1em}.elementor-widget-text-editor .elementor-drop-cap{float:left;text-align:center;line-height:1;font-size:50px}.elementor-widget-text-editor .elementor-drop-cap-letter{display:inline-block}<\/style>\t\t\t\t<p>Przewierty sterowane, zwane r\u00f3wnie\u017c przewiertami horyzontalnymi (HDD, ang. Horizontal Directional Drilling), to zaawansowana technologia in\u017cynieryjna u\u017cywana do wykonywania otwor\u00f3w pod powierzchni\u0105 ziemi w spos\u00f3b sterowany. Poni\u017cej znajduje si\u0119 bardziej szczeg\u00f3\u0142owy opis tej us\u0142ugi:<\/p><p><b>Cel Przewiert\u00f3w Sterowanych:<\/b><br \/>Przewierty sterowane s\u0142u\u017c\u0105 do wykonywania otwor\u00f3w horyzontalnych pod powierzchni\u0105 ziemi w celu umo\u017cliwienia instalacji rur, kabli, przewod\u00f3w czy innych element\u00f3w infrastruktury bez konieczno\u015bci wykonywania tradycyjnych wykop\u00f3w.<\/p><p><b>Proces Sterowania:<\/b><br \/>&#8211; Specjalistyczna maszyna do przewiert\u00f3w sterowanych jest wyposa\u017cona w system nawigacyjny i steruj\u0105cy. Dzi\u0119ki temu operator ma zdolno\u015b\u0107 precyzyjnego kontrolowania kierunku, g\u0142\u0119boko\u015bci oraz nachylenia przewiertu.<\/p><p><b>Etapy Pracy:<\/b><br \/>a. Wst\u0119pne Przygotowanie: Okre\u015blenie trasy przewiertu, zazwyczaj na podstawie mapy terenu, uwzgl\u0119dniaj\u0105c wszelkie przeszkody pod powierzchni\u0105 ziemi.<br \/>b. Wiercenie: Maszyna wierc\u0105ca wprowadza si\u0119 w ziemi\u0119, jednocze\u015bnie usuwaj\u0105c materia\u0142 sypki na powierzchni.<br \/>c. Instalacja Rury czy Kabla: Za pomoc\u0105 tej metody mo\u017cna wprowadzi\u0107 r\u00f3\u017cne elementy infrastruktury, takie jak rury, kablowe os\u0142ony, czy przewody.<\/p><p><b>Zalety Przewiert\u00f3w Sterowanych:<\/b><br \/>a. Minimalne Zak\u0142\u00f3cenia Terenu: Brak konieczno\u015bci wykonania du\u017cego wykopu, co ogranicza zak\u0142\u00f3cenia terenu.<br \/>b. Skr\u00f3cenie Czasu i Koszt\u00f3w: Proces jest zazwyczaj szybszy i bardziej ekonomiczny ni\u017c tradycyjne metody.<br \/>c. Ograniczone Ryzyko Uszkodze\u0144: Zminimalizowane ryzyko uszkodze\u0144 istniej\u0105cej infrastruktury oraz mniejsze ryzyko uszkodzenia korzeni drzew czy innych struktur pod powierzchni\u0105 ziemi.<\/p><p><b>Zastosowania:<\/b><br \/>Przewierty sterowane s\u0105 szeroko stosowane w bran\u017cach gazowniczej, wodoci\u0105gowej, kanalizacyjnej, telekomunikacyjnej oraz energetycznej do instalacji i modernizacji infrastruktury.<\/p><p>Przewierty sterowane stanowi\u0105 niezwykle skuteczn\u0105 i precyzyjn\u0105 metod\u0119, umo\u017cliwiaj\u0105c\u0105 instalacj\u0119 infrastruktury w spos\u00f3b bardziej przyjazny dla \u015brodowiska i efektywny w por\u00f3wnaniu do tradycyjnych metod budowlanych.<\/p>\t\t\t\t\t\t<\/div>\n\t\t\t\t<\/div>\n\t\t\t\t\t<\/div>\n\t\t\t\t<\/div>\n\t\t\t\t\t\t\t<\/div>\n\t\t","protected":false},"excerpt":{"rendered":"<p>Przewierty sterowane, zwane r\u00f3wnie\u017c przewiertami horyzontalnymi (HDD, ang. Horizontal Directional Drilling), to zaawansowana technologia in\u017cynieryjna u\u017cywana do wykonywania otwor\u00f3w pod powierzchni\u0105 ziemi w spos\u00f3b sterowany. Poni\u017cej znajduje si\u0119 bardziej szczeg\u00f3\u0142owy&#8230;<\/p>\n","protected":false},"author":1,"featured_media":0,"parent":0,"menu_order":0,"comment_status":"closed","ping_status":"closed","template":"","meta":{"footnotes":""},"class_list":["post-441","page","type-page","status-publish","hentry"],"_links":{"self":[{"href":"https:\/\/hydro-mont.eu\/index.php\/wp-json\/wp\/v2\/pages\/441","targetHints":{"allow":["GET"]}}],"collection":[{"href":"https:\/\/hydro-mont.eu\/index.php\/wp-json\/wp\/v2\/pages"}],"about":[{"href":"https:\/\/hydro-mont.eu\/index.php\/wp-json\/wp\/v2\/types\/page"}],"author":[{"embeddable":true,"href":"https:\/\/hydro-mont.eu\/index.php\/wp-json\/wp\/v2\/users\/1"}],"replies":[{"embeddable":true,"href":"https:\/\/hydro-mont.eu\/index.php\/wp-json\/wp\/v2\/comments?post=441"}],"version-history":[{"count":4,"href":"https:\/\/hydro-mont.eu\/index.php\/wp-json\/wp\/v2\/pages\/441\/revisions"}],"predecessor-version":[{"id":445,"href":"https:\/\/hydro-mont.eu\/index.php\/wp-json\/wp\/v2\/pages\/441\/revisions\/445"}],"wp:attachment":[{"href":"https:\/\/hydro-mont.eu\/index.php\/wp-json\/wp\/v2\/media?parent=441"}],"curies":[{"name":"wp","href":"https:\/\/api.w.org\/{rel}","templated":true}]}}